{"id":778,"date":"2021-01-06T14:28:02","date_gmt":"2021-01-06T12:28:02","guid":{"rendered":"http:\/\/urmas.antrotsenter.ee\/results\/"},"modified":"2022-06-03T14:24:53","modified_gmt":"2022-06-03T11:24:53","slug":"results","status":"publish","type":"page","link":"https:\/\/triathlonestonia.ee\/en\/results\/","title":{"rendered":"Results"},"content":{"rendered":"\n<p><a href=\"https:\/\/my.raceresult.com\/178093\/results\" target=\"_blank\" rel=\"noreferrer noopener\"><strong>LIVE RESULTS 2022 HERE<\/strong><\/a><\/p>\n\n\n\n<figure class=\"wp-block-table\"><table><tbody><tr><td>14.08.2021<\/td><td><a href=\"https:\/\/my.raceresult.com\/166957\/results?lang=en\" target=\"_blank\" data-type=\"URL\" data-id=\"https:\/\/my.raceresult.com\/166957\/results?lang=en\" rel=\"noreferrer noopener\">RESULTS<\/a><\/td><\/tr><tr><td>22.08.2020<\/td><td><a href=\"https:\/\/my.raceresult.com\/156175\/results?lang=en\" target=\"_blank\" rel=\"noreferrer noopener\">RESULTS<\/a><\/td><\/tr><tr><td>24.08.2019<\/td><td><a href=\"https:\/\/my.raceresult.com\/111928\/results?lang=en\" target=\"_blank\" rel=\"noreferrer noopener\">RESULTS<\/a><\/td><\/tr><tr><td>25.08.2018<\/td><td><a href=\"https:\/\/my2.raceresult.com\/82073\/results?lang=en\" target=\"_blank\" rel=\"noreferrer noopener\">RESULTS<\/a> &nbsp;<br><a href=\"http:\/\/www.antrotsenter.ee\/tulemused\/2018triathlonestonia-vaheajad.xls\" target=\"_blank\" rel=\"noreferrer noopener\">FULL DATA IN EXCEL TABLE<\/a><\/td><\/tr><tr><td>19.08.2017<\/td><td><a href=\"http:\/\/my1.raceresult.com\/64548\/results?lang=en\" target=\"_blank\" rel=\"noreferrer noopener\">RESULTS<\/a> &nbsp;<br><a href=\"http:\/\/www.antrotsenter.ee\/tulemused\/2017triathlonestonia-vaheajad.xls\" target=\"_blank\" rel=\"noreferrer noopener\">FULL DATA IN EXCEL TABLE<\/a><\/td><\/tr><tr><td>21.08.2016<\/td><td><a href=\"http:\/\/my2.raceresult.com\/54822\/results?lang=en#\" target=\"_blank\" rel=\"noreferrer noopener\">RESULTS<\/a> &nbsp;<br><a href=\"http:\/\/www.antrotsenter.ee\/tulemused\/2016triathlonestonia-vaheajad.xls\" target=\"_blank\" rel=\"noreferrer noopener\">FULL DATA IN EXCEL TABLE<\/a><\/td><\/tr><tr><td>16.08.2015<\/td><td><a href=\"http:\/\/antrotsenter.ee\/tulemused\/2015keilatriatlon-long-ind\" target=\"_blank\" rel=\"noreferrer noopener\">LONG DISTANCE \u2013 INDIVIDUALS<\/a> &nbsp;<br><a href=\"http:\/\/antrotsenter.ee\/tulemused\/2015keilatriatlon-long-team\" target=\"_blank\" rel=\"noreferrer noopener\">LONG DISTANCE \u2013 TEAM RELAY<\/a><br><a href=\"http:\/\/antrotsenter.ee\/tulemused\/2015keilatriatlon-long-ag\" target=\"_blank\" rel=\"noreferrer noopener\">LONG DISTANCE \u2013 AGE GROUPS<\/a><br><a href=\"http:\/\/antrotsenter.ee\/tulemused\/2015keilatriatlon-long-laptimes\" target=\"_blank\" rel=\"noreferrer noopener\">LONG DISTANCE \u2013 LAP TIMES<\/a><br><a href=\"http:\/\/antrotsenter.ee\/tulemused\/2015keilatriatlon-half-ind\" target=\"_blank\" rel=\"noreferrer noopener\">HALF DISTANCE \u2013 INDIVIDUALS<\/a><br><a href=\"http:\/\/antrotsenter.ee\/tulemused\/2015keilatriatlon-half-team\" target=\"_blank\" rel=\"noreferrer noopener\">HALF DISTANCE \u2013 TEAM RELAY<\/a><br><a href=\"http:\/\/antrotsenter.ee\/tulemused\/2015keilatriatlon-half-ag\" target=\"_blank\" rel=\"noreferrer noopener\">HALF DISTANCE \u2013 AGE GROUPS<\/a><br><a href=\"http:\/\/antrotsenter.ee\/tulemused\/2015keilatriatlon-half-laptimes\" target=\"_blank\" rel=\"noreferrer noopener\">HALF DISTANCE \u2013 LAP TIMES<\/a><br><a href=\"http:\/\/antrotsenter.ee\/tulemused\/2015triathlonestoniakids\" target=\"_blank\" rel=\"noreferrer noopener\">KID\u00b4S TRIATHLON<\/a><\/td><\/tr><tr><td>17.08.2014<\/td><td><a href=\"http:\/\/antrotsenter.ee\/tulemused\/2014keilatriatlon\" target=\"_blank\" rel=\"noreferrer noopener\">LONG DISTANCE \u2013 OVERALL RANKING<\/a> &nbsp;<br><a href=\"http:\/\/antrotsenter.ee\/tulemused\/2014keilatriatlon-klassid\" target=\"_blank\" rel=\"noreferrer noopener\">LONG DISTANCE \u2013 RESULTS IN AGE GROUPS<\/a><br><a href=\"http:\/\/antrotsenter.ee\/tulemused\/20143keilatriatlon-vk\" target=\"_blank\" rel=\"noreferrer noopener\">LONG DISTANCE \u2013 RESULTS OF TEAM RELAY<\/a><br><a href=\"http:\/\/antrotsenter.ee\/tulemused\/2014keilatriatlonringid\" target=\"_blank\" rel=\"noreferrer noopener\">LONG DISTANCE \u2013 FULL DATA IN EXCEL TABLE<\/a><br><a href=\"http:\/\/antrotsenter.ee\/tulemused\/2014keilatriatlon-pool\" target=\"_blank\" rel=\"noreferrer noopener\">HALF DISTANCE \u2013 OVERALL RANKING<\/a><br><a href=\"http:\/\/antrotsenter.ee\/tulemused\/2014keilatriatlon-pool-klassid\" target=\"_blank\" rel=\"noreferrer noopener\">HALF DISTANCE \u2013 RESULTS IN AGE GROUPS<\/a><br><a href=\"http:\/\/antrotsenter.ee\/tulemused\/2014keilatriatlon-pool-vk\" target=\"_blank\" rel=\"noreferrer noopener\">HALF DISTANCE \u2013 RESULTS OF TEAM RELAY<\/a><br><a href=\"http:\/\/antrotsenter.ee\/tulemused\/2014keilatriatlonringid-pool\" target=\"_blank\" rel=\"noreferrer noopener\">HALF DISTANCE \u2013 FULL DATA IN EXCEL TABLE<\/a><\/td><\/tr><tr><td>18.08.2013<\/td><td><a href=\"http:\/\/antrotsenter.ee\/tulemused\/2013keilatriatlon\" target=\"_blank\" rel=\"noreferrer noopener\">LONG DISTANCE \u2013 OVERALL RANKING<\/a> &nbsp;<br><a href=\"http:\/\/antrotsenter.ee\/tulemused\/2013keilatriatlon-klassid\" target=\"_blank\" rel=\"noreferrer noopener\">LONG DISTANCE \u2013 RESULTS IN AGE GROUPS<\/a><br><a href=\"http:\/\/antrotsenter.ee\/tulemused\/2013keilatriatlon-vk\" target=\"_blank\" rel=\"noreferrer noopener\">LONG DISTANCE \u2013 RESULTS OF TEAM RELAY<\/a><br><a href=\"http:\/\/antrotsenter.ee\/tulemused\/2013keilatriatlonringid\" target=\"_blank\" rel=\"noreferrer noopener\">LONG DISTANCE \u2013 FULL DATA IN EXCEL TABLE<\/a><br><a href=\"http:\/\/antrotsenter.ee\/tulemused\/2013keilatriatlon-pool\" target=\"_blank\" rel=\"noreferrer noopener\">HALF DISTANCE \u2013 OVERALL RANKING<\/a><br><a href=\"http:\/\/antrotsenter.ee\/tulemused\/2013keilatriatlon-pool-klassid\" target=\"_blank\" rel=\"noreferrer noopener\">HALF DISTANCE \u2013 RESULTS IN AGE GROUPS<\/a><br><a href=\"http:\/\/antrotsenter.ee\/tulemused\/2013keilatriatlon-pool-vk\" target=\"_blank\" rel=\"noreferrer noopener\">HALF DISTANCE \u2013 RESULTS OF TEAM RELAY<\/a><br><a href=\"http:\/\/antrotsenter.ee\/tulemused\/2013keilatriatlonringid-pool\" target=\"_blank\" rel=\"noreferrer noopener\">HALF DISTANCE \u2013 FULL DATA IN EXCEL TABLE<\/a><\/td><\/tr><tr><td>19.08.2012<\/td><td><a href=\"http:\/\/antrotsenter.ee\/tulemused\/2012keilatriatlon\" target=\"_blank\" rel=\"noreferrer noopener\">OVERALL RANKING<\/a> &nbsp;<br><a href=\"http:\/\/antrotsenter.ee\/tulemused\/2012keilatriatlon-klassid\" target=\"_blank\" rel=\"noreferrer noopener\">RESULTS IN AGE GROUPS<\/a><br><a href=\"http:\/\/antrotsenter.ee\/tulemused\/2012keilatriatlon-vk\" target=\"_blank\" rel=\"noreferrer noopener\">RESULTS OF TEAM RELAY<\/a><br><a href=\"http:\/\/antrotsenter.ee\/tulemused\/2012keilatriatlonringid\" target=\"_blank\" rel=\"noreferrer noopener\">FULL DATA IN EXCEL TABLE<\/a><\/td><\/tr><tr><td>21.08.2011<\/td><td><a href=\"http:\/\/antrotsenter.ee\/tulemused\/2011keilatriatlon\" target=\"_blank\" rel=\"noreferrer noopener\">OVERALL RANKING<\/a> &nbsp;<br><a href=\"http:\/\/antrotsenter.ee\/tulemused\/2011keilatriatlon-klassid\" target=\"_blank\" rel=\"noreferrer noopener\">RESULTS IN AGE GROUPS<\/a><br><a href=\"http:\/\/antrotsenter.ee\/tulemused\/2011keilatriatlon-vk\" target=\"_blank\" rel=\"noreferrer noopener\">RESULTS OF TEAM RELAY<\/a><br><a href=\"http:\/\/antrotsenter.ee\/tulemused\/2011keilatriatlonringid\" target=\"_blank\" rel=\"noreferrer noopener\">FULL DATA IN EXCEL TABLE<\/a><\/td><\/tr><tr><td>29.08.2010<\/td><td><a href=\"http:\/\/antrotsenter.ee\/tulemused\/2010keilatriatlon\" target=\"_blank\" rel=\"noreferrer noopener\">OVERALL RANKING<\/a> &nbsp;<br><a href=\"http:\/\/antrotsenter.ee\/tulemused\/2010keilatriatlon-klassid\" target=\"_blank\" rel=\"noreferrer noopener\">RESULTS IN AGE GROUPS<\/a><br><a href=\"http:\/\/antrotsenter.ee\/tulemused\/2010keilatriatlon-vk\" target=\"_blank\" rel=\"noreferrer noopener\">RESULTS OF TEAM RELAY<\/a><br><a href=\"http:\/\/antrotsenter.ee\/tulemused\/2010keilatriatlonringid\" target=\"_blank\" rel=\"noreferrer noopener\">FULL DATA IN EXCEL TABLE<\/a><\/td><\/tr><tr><td>29.08.2009<\/td><td><a href=\"http:\/\/antrotsenter.ee\/tulemused\/2009keilatriatlon\" target=\"_blank\" rel=\"noreferrer noopener\">OVERALL RANKIN<\/a>G &nbsp;<br><a href=\"http:\/\/antrotsenter.ee\/tulemused\/2009keilatriatlon-klassid\" target=\"_blank\" rel=\"noreferrer noopener\">RESULTS IN AGE GROUPS<\/a><br><a href=\"http:\/\/antrotsenter.ee\/tulemused\/2009keilatriatlonringid\" target=\"_blank\" rel=\"noreferrer noopener\">FULL&nbsp;DATA IN EXCEL TABLE<\/a><\/td><\/tr><tr><td>17.08.2008<\/td><td><a href=\"http:\/\/antrotsenter.ee\/tulemused\/2008keilatriatlon\" target=\"_blank\" rel=\"noreferrer noopener\">OVERALL RANKING<\/a> &nbsp;<br><a href=\"http:\/\/antrotsenter.ee\/tulemused\/2008keilatriatlon-klassid\" target=\"_blank\" rel=\"noreferrer noopener\">RESULTS IN AGE GROUPS<\/a><br><a href=\"http:\/\/antrotsenter.ee\/tulemused\/2008keilatriatlonringid\" target=\"_blank\" rel=\"noreferrer noopener\">FULL&nbsp;DATA IN EXCEL TABLE<\/a><\/td><\/tr><tr><td>18.08.2007<\/td><td><a href=\"http:\/\/antrotsenter.ee\/tulemused\/2007keilatriatlon\" target=\"_blank\" rel=\"noreferrer noopener\">OVERALL RANKING<\/a> &nbsp;<br><a href=\"http:\/\/antrotsenter.ee\/tulemused\/2007keilatriatlon-klassid\" target=\"_blank\" rel=\"noreferrer noopener\">RESULTS IN AGE GROUPS<\/a><br><a href=\"http:\/\/antrotsenter.ee\/tulemused\/2007keilatriatlonringid\" target=\"_blank\" rel=\"noreferrer noopener\">FULL&nbsp;DATA IN EXCEL TABLE<\/a><\/td><\/tr><tr><td>15.07.2006<\/td><td><a href=\"http:\/\/antrotsenter.ee\/tulemused\/2006keilatriatlon\" target=\"_blank\" rel=\"noreferrer noopener\">OVERALL RANKING<\/a> &nbsp;<br><a href=\"http:\/\/TULEMUSED VAHEAEGADEGA\" target=\"_blank\" rel=\"noreferrer noopener\">FULL&nbsp;DATA IN EXCEL TABLE<\/a><\/td><\/tr><\/tbody><\/table><\/figure>\n\n\n<h1 style=\"text-align: center;\"><span style=\"color: #ff0000;\"><a style=\"color: #ff0000;\" href=\"https:\/\/my.raceresult.com\/156175\/results?lang=en\" target=\"_blank\" rel=\"noopener\"><span style=\"font-size: 24pt;\"><strong>\u00a0<\/strong><\/span><\/a><\/span><\/h1>\n<p><!--more--><\/p>\n<h1 style=\"text-align: center;\"><strong><span style=\"color: #0000ff; font-size: 24pt;\">ANKING TABLES OF EVENT HISTORY<\/span><\/strong><\/h1>\n<table style=\"height: 122px; border-color: #0021de;\" border=\"3\" width=\"806\">\n<tbody>\n<tr>\n<td style=\"text-align: center;\" colspan=\"2\">\n<h4><span style=\"font-size: 14pt;\"><strong><span style=\"color: #0000ff;\">LONG\u00a0DISTANCE<\/span><\/strong><\/span><\/h4>\n<\/td>\n<td style=\"text-align: center;\" colspan=\"2\">\n<h4><span style=\"font-size: 14pt;\"><strong><span style=\"color: #0000ff;\">HALF\u00a0DISTANCE<\/span><\/strong><\/span><\/h4>\n<\/td>\n<\/tr>\n<tr>\n<td colspan=\"2\"><a href=\"http:\/\/www.antrotsenter.ee\/tulemused\/ajalugutp-o.pdf\" target=\"_blank\" rel=\"noopener\">RANKING TABLE OF PARTICIPATION TIMES<\/a><\/td>\n<td colspan=\"2\">\u00a0\u00a0<a href=\"http:\/\/www.antrotsenter.ee\/tulemused\/ajalugupp-o.pdf\" target=\"_blank\" rel=\"noopener\">RANKING TABLE OF PARTICIPATION TIMES<\/a><\/td>\n<\/tr>\n<tr>\n<td colspan=\"2\"><a href=\"http:\/\/www.antrotsenter.ee\/tulemused\/ajalugutp-fin.pdf\" target=\"_blank\" rel=\"noopener\">RANKING TABLE OF FINAL RESULTS<\/a><\/td>\n<td colspan=\"2\">\u00a0\u00a0<a href=\"http:\/\/www.antrotsenter.ee\/tulemused\/ajalugupp-fin.pdf\" target=\"_blank\" rel=\"noopener\">RANKING TABLE OF FINAL RESULTS<\/a><\/td>\n<\/tr>\n<tr>\n<td colspan=\"2\"><a href=\"http:\/\/www.antrotsenter.ee\/tulemused\/ajalugutp-u.pdf\" target=\"_blank\" rel=\"noopener\">RANKING TABLE OF SWIMMING RESULTS<\/a><\/td>\n<td colspan=\"2\">\u00a0\u00a0<a href=\"http:\/\/www.antrotsenter.ee\/tulemused\/ajalugupp-u.pdf\" target=\"_blank\" rel=\"noopener\">RANKING TABLE OF SWIMMING RESULTS<\/a><\/td>\n<\/tr>\n<tr>\n<td colspan=\"2\"><a href=\"http:\/\/www.antrotsenter.ee\/tulemused\/ajalugutp-r.pdf\" target=\"_blank\" rel=\"noopener\">RANKING TABLE OF CYCLING RESULTS<\/a><\/td>\n<td colspan=\"2\">\u00a0\u00a0<a href=\"http:\/\/www.antrotsenter.ee\/tulemused\/ajalugupp-r.pdf\" target=\"_blank\" rel=\"noopener\">RANKING TABLE OF CYCLING RESULTS<\/a><\/td>\n<\/tr>\n<tr>\n<td colspan=\"2\"><a href=\"http:\/\/www.antrotsenter.ee\/tulemused\/ajalugutp-j.pdf\" target=\"_blank\" rel=\"noopener\">RANKING TABLE OF RUNNING RESULTS<\/a><\/td>\n<td colspan=\"2\">\u00a0\u00a0<a href=\"http:\/\/www.antrotsenter.ee\/tulemused\/ajalugupp-j.pdf\" target=\"_blank\" rel=\"noopener\">RANKING TABLE OF RUNNING RESULTS<\/a><\/td>\n<\/tr>\n<tr>\n<td colspan=\"2\"><a href=\"http:\/\/www.antrotsenter.ee\/tulemused\/ajalugutp-vk.pdf\" target=\"_blank\" rel=\"noopener\">RANKING TABLE OF TEAM RELAY<\/a><\/td>\n<td colspan=\"2\">\u00a0 <a href=\"http:\/\/www.antrotsenter.ee\/tulemused\/ajalugupp-vk.pdf\" target=\"_blank\" rel=\"noopener\">RANKING TABLE OF TEAM RELAY<\/a><\/td>\n<\/tr>\n<\/tbody>\n<\/table>\n<p><a href=\"http:\/\/antrotsenter.ee\/en\/\" target=\"_blank\" rel=\"noopener\"><img loading=\"lazy\" decoding=\"async\" class=\"alignnone size-full wp-image-5548\" src=\"https:\/\/triathlonestonia.ee\/wp-content\/uploads\/2021\/01\/antrotsenter-2-2-e1541569267220.png\" alt=\"Antrotsenter 2-2\" width=\"250\" height=\"136\" title=\"\"><\/a><\/p>\n<p><a href=\"http:\/\/www.antrotsenter.ee\/voistlus\/results\" target=\"_blank\" rel=\"noopener\">Old page<\/a><\/p>\n<p>AMOUNT OF PARTICIPANTS THROGH THE YEARS<\/p>\n<p><a href=\"https:\/\/triathlonestonia.ee\/wp-content\/uploads\/2022\/06\/graafik2021.jpg\"><img loading=\"lazy\" decoding=\"async\" class=\"alignnone  wp-image-10405\" src=\"https:\/\/triathlonestonia.ee\/wp-content\/uploads\/2022\/06\/graafik2021-300x95.jpg\" alt=\"\" width=\"808\" height=\"256\" title=\"\" srcset=\"https:\/\/triathlonestonia.ee\/wp-content\/uploads\/2022\/06\/graafik2021-300x95.jpg 300w, https:\/\/triathlonestonia.ee\/wp-content\/uploads\/2022\/06\/graafik2021-768x244.jpg 768w, https:\/\/triathlonestonia.ee\/wp-content\/uploads\/2022\/06\/graafik2021-600x191.jpg 600w, https:\/\/triathlonestonia.ee\/wp-content\/uploads\/2022\/06\/graafik2021.jpg 789w\" sizes=\"auto, (max-width: 808px) 100vw, 808px\" \/><\/a><\/p>\n<p>\u00a0<\/p>\n<p>SUMMARY OF RESULTS OF LONG DISTANCE<\/p>\n<p><!-- \/wp:post-content --><\/p>\n<p><!-- wp:table --><\/p>\n<figure class=\"wp-block-table\">\n<table>\n<tbody>\n<tr>\n<td>AASTA<\/td>\n<td>WINNER\u00b4s NAME<\/td>\n<td>WINNER\u00b4s RESULT<\/td>\n<td>RESULT OF LAST FINISHER<\/td>\n<td>AVERAGE RESULT<\/td>\n<\/tr>\n<tr>\n<td>2006<\/td>\n<td>Toomas Loho<\/td>\n<td>13:05:45<\/td>\n<td>17:34:58<\/td>\n<td>14:36:07<\/td>\n<\/tr>\n<tr>\n<td>2007<\/td>\n<td>J\u0101nis Rieksti\u0146\u0161<\/td>\n<td>10:40:12<\/td>\n<td>15:45:29<\/td>\n<td>12:28:14<\/td>\n<\/tr>\n<tr>\n<td>2008<\/td>\n<td>Mart Kuusk<\/td>\n<td>9:49:27<\/td>\n<td>15:35:18<\/td>\n<td>12:25:27<\/td>\n<\/tr>\n<tr>\n<td>2009<\/td>\n<td>Indrek Teppo<\/td>\n<td>9:24:20<\/td>\n<td>14:15:00<\/td>\n<td>11:52:52<\/td>\n<\/tr>\n<tr>\n<td>2010<\/td>\n<td>Indrek Teppo<\/td>\n<td>8:58:31<\/td>\n<td>15:40:24<\/td>\n<td>12:14:50<\/td>\n<\/tr>\n<tr>\n<td>2011<\/td>\n<td>Margus Tamm<\/td>\n<td>9:23:59<\/td>\n<td>14:25:37<\/td>\n<td>11:16:55<\/td>\n<\/tr>\n<tr>\n<td>2012<\/td>\n<td>Indrek Teppo<\/td>\n<td>9:11:13<\/td>\n<td>13:41:58<\/td>\n<td>11:19:41<\/td>\n<\/tr>\n<tr>\n<td>2013<\/td>\n<td>Margus Heintalu<\/td>\n<td>9:21:07<\/td>\n<td>15:25:39<\/td>\n<td>11:57:18<\/td>\n<\/tr>\n<tr>\n<td>2014<\/td>\n<td>Villu Vakra<\/td>\n<td>8:46:19<\/td>\n<td>14:29:46<\/td>\n<td>11:15:54<\/td>\n<\/tr>\n<tr>\n<td>2015<\/td>\n<td>Toomas Lelov<\/td>\n<td>9:07:58<\/td>\n<td>15:09:35<\/td>\n<td>11:11:44<\/td>\n<\/tr>\n<tr>\n<td>2016<\/td>\n<td>Villu Vakra<\/td>\n<td>8:49:39<\/td>\n<td>15:27:41<\/td>\n<td>11:55:49<\/td>\n<\/tr>\n<tr>\n<td>2017<\/td>\n<td>Rainer Kuhi<\/td>\n<td>9:07:23<\/td>\n<td>16:06:27<\/td>\n<td>11:41:52<\/td>\n<\/tr>\n<tr>\n<td>2018<\/td>\n<td>Tuomas Talola<\/td>\n<td>9:07:29<\/td>\n<td>15:30:41<\/td>\n<td>11:57:37<\/td>\n<\/tr>\n<tr>\n<td>2019<\/td>\n<td>Petr Vabrou\u0161ek<\/td>\n<td>9:57:20<\/td>\n<td>15:46:36<\/td>\n<td>12:46:41<\/td>\n<\/tr>\n<tr>\n<td>2020<\/td>\n<td>Heiko Sepp<\/td>\n<td>9:43:26<\/td>\n<td>15:33:31<\/td>\n<td>12:16:29<\/td>\n<\/tr>\n<tr>\n<td>2021<\/td>\n<td>Andrus Prangli<\/td>\n<td>11:22:12<\/td>\n<td>15:25:57<\/td>\n<td>13:29:05<\/td>\n<\/tr>\n<\/tbody>\n<\/table>\n<\/figure>\n<p><!-- wp:table --><\/p>\n<figure class=\"wp-block-table\">\n<table>\n<tbody>\n<tr>\n<td>\u00a0<\/td>\n<td>\u00a0<\/td>\n<\/tr>\n<tr>\n<td>\u00a0<\/td>\n<td>\u00a0<\/td>\n<\/tr>\n<\/tbody>\n<\/table>\n<\/figure>\n<p><!-- \/wp:table --><\/p>","protected":false},"excerpt":{"rendered":"<p>LIVE RESULTS 2022 HERE 14.08.2021 RESULTS 22.08.2020 RESULTS 24.08.2019 RESULTS 25.08.2018 RESULTS &nbsp;FULL DATA IN EXCEL TABLE 19.08.2017 RESULTS &nbsp;FULL DATA IN EXCEL TABLE 21.08.2016 RESULTS &nbsp;FULL DATA IN EXCEL TABLE 16.08.2015 LONG DISTANCE \u2013 INDIVIDUALS &nbsp;LONG DISTANCE \u2013 TEAM RELAYLONG DISTANCE \u2013 AGE GROUPSLONG DISTANCE \u2013 LAP TIMESHALF DISTANCE \u2013 INDIVIDUALSHALF DISTANCE \u2013 TEAM&#8230;<\/p>\n","protected":false},"author":7,"featured_media":489,"parent":0,"menu_order":0,"comment_status":"closed","ping_status":"open","template":"","meta":{"_kad_blocks_custom_css":"","_kad_blocks_head_custom_js":"","_kad_blocks_body_custom_js":"","_kad_blocks_footer_custom_js":"","_kad_post_transparent":"","_kad_post_title":"","_kad_post_layout":"","_kad_post_sidebar_id":"","_kad_post_content_style":"","_kad_post_vertical_padding":"","_kad_post_feature":"","_kad_post_feature_position":"","_kad_post_header":false,"_kad_post_footer":false,"footnotes":""},"class_list":["post-778","page","type-page","status-publish","has-post-thumbnail","hentry"],"taxonomy_info":[],"featured_image_src_large":["https:\/\/triathlonestonia.ee\/wp-content\/uploads\/2021\/01\/logo-antrotsenter-2-erksam-1-1024x549.png",1024,549,true],"author_info":{"display_name":"Janek","author_link":"https:\/\/triathlonestonia.ee\/en\/author\/janek\/"},"comment_info":0,"_links":{"self":[{"href":"https:\/\/triathlonestonia.ee\/en\/wp-json\/wp\/v2\/pages\/778","targetHints":{"allow":["GET"]}}],"collection":[{"href":"https:\/\/triathlonestonia.ee\/en\/wp-json\/wp\/v2\/pages"}],"about":[{"href":"https:\/\/triathlonestonia.ee\/en\/wp-json\/wp\/v2\/types\/page"}],"author":[{"embeddable":true,"href":"https:\/\/triathlonestonia.ee\/en\/wp-json\/wp\/v2\/users\/7"}],"replies":[{"embeddable":true,"href":"https:\/\/triathlonestonia.ee\/en\/wp-json\/wp\/v2\/comments?post=778"}],"version-history":[{"count":4,"href":"https:\/\/triathlonestonia.ee\/en\/wp-json\/wp\/v2\/pages\/778\/revisions"}],"predecessor-version":[{"id":10407,"href":"https:\/\/triathlonestonia.ee\/en\/wp-json\/wp\/v2\/pages\/778\/revisions\/10407"}],"wp:featuredmedia":[{"embeddable":true,"href":"https:\/\/triathlonestonia.ee\/en\/wp-json\/wp\/v2\/media\/489"}],"wp:attachment":[{"href":"https:\/\/triathlonestonia.ee\/en\/wp-json\/wp\/v2\/media?parent=778"}],"curies":[{"name":"wp","href":"https:\/\/api.w.org\/{rel}","templated":true}]}}